{"id":183,"date":"2023-11-25T17:01:41","date_gmt":"2023-11-25T21:01:41","guid":{"rendered":"https:\/\/www.vinsavenezuela.net\/__2023\/?page_id=183"},"modified":"2024-11-06T08:43:43","modified_gmt":"2024-11-06T12:43:43","slug":"servicios","status":"publish","type":"page","link":"https:\/\/www.vinsavenezuela.net\/__2023\/servicios\/","title":{"rendered":"Servicios"},"content":{"rendered":"\t\t<div data-elementor-type=\"wp-page\" data-elementor-id=\"183\" class=\"elementor elementor-183\">\n\t\t\t\t<div class=\"elementor-element elementor-element-ae213a4 e-con-full e-flex e-con e-parent\" data-id=\"ae213a4\" data-element_type=\"container\" data-e-type=\"container\">\n\t\t\t\t<\/div>\n\t\t<div class=\"elementor-element elementor-element-e578179 e-flex e-con-boxed e-con e-parent\" data-id=\"e578179\" data-element_type=\"container\" data-e-type=\"container\">\n\t\t\t\t\t<div class=\"e-con-inner\">\n\t\t\t\t<div class=\"elementor-element elementor-element-7987f45 elementor-widget elementor-widget-spacer\" data-id=\"7987f45\" data-element_type=\"widget\" data-e-type=\"widget\" data-widget_type=\"spacer.default\">\n\t\t\t\t<div class=\"elementor-widget-container\">\n\t\t\t\t\t\t\t<div class=\"elementor-spacer\">\n\t\t\t<div class=\"elementor-spacer-inner\"><\/div>\n\t\t<\/div>\n\t\t\t\t\t\t<\/div>\n\t\t\t\t<\/div>\n\t\t\t\t\t<\/div>\n\t\t\t\t<\/div>\n\t\t<div class=\"elementor-element elementor-element-e508870 e-con-full e-flex e-con e-parent\" data-id=\"e508870\" data-element_type=\"container\" data-e-type=\"container\">\n\t\t<div class=\"elementor-element elementor-element-556d543 e-con-full e-flex elementor-invisible e-con e-child\" data-id=\"556d543\" data-element_type=\"container\" data-e-type=\"container\" data-settings=\"{&quot;animation&quot;:&quot;fadeInRight&quot;}\">\n\t\t\t\t<div class=\"elementor-element elementor-element-cf3be8f elementor-widget elementor-widget-heading\" data-id=\"cf3be8f\" data-element_type=\"widget\" data-e-type=\"widget\" data-widget_type=\"heading.default\">\n\t\t\t\t<div class=\"elementor-widget-container\">\n\t\t\t\t\t<h2 class=\"elementor-heading-title elementor-size-default\">VINSA Grupo Amarante<\/h2>\t\t\t\t<\/div>\n\t\t\t\t<\/div>\n\t\t\t\t<div class=\"elementor-element elementor-element-9d4be67 elementor-widget elementor-widget-text-editor\" data-id=\"9d4be67\" data-element_type=\"widget\" data-e-type=\"widget\" data-widget_type=\"text-editor.default\">\n\t\t\t\t<div class=\"elementor-widget-container\">\n\t\t\t\t\t\t\t\t\t<p>VINSA Grupo Amarante es una empresa l\u00edder en seguridad integral que ofrece una amplia gama de servicios para proteger a personas, bienes y activos ofreciendo una amplia gama de servicios de seguridad integral para proteger a personas, bienes y activos. La \u00a0empresa cuenta con un equipo altamente calificado y experimentado en diferentes \u00e1reas de la seguridad, as\u00ed como con tecnolog\u00eda de vanguardia para brindar soluciones personalizadas a sus clientes.<\/p>\t\t\t\t\t\t\t\t<\/div>\n\t\t\t\t<\/div>\n\t\t\t\t<\/div>\n\t\t<div class=\"elementor-element elementor-element-afd9a7f e-con-full e-flex elementor-invisible e-con e-child\" data-id=\"afd9a7f\" data-element_type=\"container\" data-e-type=\"container\" data-settings=\"{&quot;animation&quot;:&quot;fadeInLeft&quot;}\">\n\t\t\t\t<div class=\"elementor-element elementor-element-e3e92fe elementor-widget elementor-widget-image\" data-id=\"e3e92fe\" data-element_type=\"widget\" data-e-type=\"widget\" data-widget_type=\"image.default\">\n\t\t\t\t<div class=\"elementor-widget-container\">\n\t\t\t\t\t\t\t\t\t\t\t\t\t\t\t<img fetchpriority=\"high\" decoding=\"async\" width=\"698\" height=\"406\" src=\"https:\/\/www.vinsavenezuela.net\/__2023\/wp-content\/uploads\/2024\/02\/index_destacadasx.jpg\" class=\"attachment-large size-large wp-image-410\" alt=\"\" srcset=\"https:\/\/www.vinsavenezuela.net\/__2023\/wp-content\/uploads\/2024\/02\/index_destacadasx.jpg 698w, https:\/\/www.vinsavenezuela.net\/__2023\/wp-content\/uploads\/2024\/02\/index_destacadasx-300x174.jpg 300w, https:\/\/www.vinsavenezuela.net\/__2023\/wp-content\/uploads\/2024\/02\/index_destacadasx-230x134.jpg 230w, https:\/\/www.vinsavenezuela.net\/__2023\/wp-content\/uploads\/2024\/02\/index_destacadasx-350x204.jpg 350w, https:\/\/www.vinsavenezuela.net\/__2023\/wp-content\/uploads\/2024\/02\/index_destacadasx-480x279.jpg 480w\" sizes=\"(max-width: 698px) 100vw, 698px\" \/>\t\t\t\t\t\t\t\t\t\t\t\t\t\t\t<\/div>\n\t\t\t\t<\/div>\n\t\t\t\t<\/div>\n\t\t\t\t<\/div>\n\t\t<div class=\"elementor-element elementor-element-f4b5763 e-flex e-con-boxed elementor-invisible e-con e-parent\" data-id=\"f4b5763\" data-element_type=\"container\" data-e-type=\"container\" data-settings=\"{&quot;animation&quot;:&quot;fadeInUp&quot;}\">\n\t\t\t\t\t<div class=\"e-con-inner\">\n\t\t\t\t<div class=\"elementor-element elementor-element-cfcaff3 elementor-widget elementor-widget-spacer\" data-id=\"cfcaff3\" data-element_type=\"widget\" data-e-type=\"widget\" data-widget_type=\"spacer.default\">\n\t\t\t\t<div class=\"elementor-widget-container\">\n\t\t\t\t\t\t\t<div class=\"elementor-spacer\">\n\t\t\t<div class=\"elementor-spacer-inner\"><\/div>\n\t\t<\/div>\n\t\t\t\t\t\t<\/div>\n\t\t\t\t<\/div>\n\t\t\t\t<div class=\"elementor-element elementor-element-7b67e40 elementor-widget elementor-widget-heading\" data-id=\"7b67e40\" data-element_type=\"widget\" data-e-type=\"widget\" data-widget_type=\"heading.default\">\n\t\t\t\t<div class=\"elementor-widget-container\">\n\t\t\t\t\t<h2 class=\"elementor-heading-title elementor-size-default\">Servicios<\/h2>\t\t\t\t<\/div>\n\t\t\t\t<\/div>\n\t\t\t\t<div class=\"elementor-element elementor-element-42ee934 elementor-widget elementor-widget-text-editor\" data-id=\"42ee934\" data-element_type=\"widget\" data-e-type=\"widget\" data-widget_type=\"text-editor.default\">\n\t\t\t\t<div class=\"elementor-widget-container\">\n\t\t\t\t\t\t\t\t\t<p>Prestamos servicios integrales a la medida del cliente, que permiten neutralizar crisis u otros, tales como:<\/p>\t\t\t\t\t\t\t\t<\/div>\n\t\t\t\t<\/div>\n\t\t\t\t\t<\/div>\n\t\t\t\t<\/div>\n\t\t<div class=\"elementor-element elementor-element-e6cc2aa e-flex e-con-boxed elementor-invisible e-con e-parent\" data-id=\"e6cc2aa\" data-element_type=\"container\" data-e-type=\"container\" data-settings=\"{&quot;animation&quot;:&quot;fadeInUp&quot;}\">\n\t\t\t\t\t<div class=\"e-con-inner\">\n\t\t\t\t<div class=\"elementor-element elementor-element-408e4d9 title_position_default title_hover_border_default title-default img_hover_animation_default readmore-btn-default-style grid-hover-overlay-type-always grid-hover-overlay-height-default hover-overlay-height-default tpg-border-bottom-disable elementor-widget elementor-widget-tpg-grid-hover-layout\" data-id=\"408e4d9\" data-element_type=\"widget\" data-e-type=\"widget\" data-widget_type=\"tpg-grid-hover-layout.default\">\n\t\t\t\t<div class=\"elementor-widget-container\">\n\t\t\t\t\t\n        <div class=\"rt-container-fluid rt-tpg-container tpg-el-main-wrapper grid_hover-layout1-main \"\n             id=\"rt-tpg-container-3984684164\"\n             data-layout=\"grid_hover-layout1\"\n             data-sc-id=\"elementor\"\n             data-el-settings=''\n             data-el-query=''\n             data-el-path=''\n        >\n\t\t\t            <div class='tpg-header-wrapper '>\n\t\t\t\t            <\/div>\n\n            <div data-title=\"Loading ...\"\n                 class=\"rt-row rt-content-loader grid_hover-layout1 tpg-even grid-behaviour grid_hover_layout_wrapper\">\n\t\t\t\t\n<div class=\"rt-col-md-4 rt-col-sm-6 rt-col-xs-12 default rt-grid-hover-item rt-grid-item\" data-id=\"41\">\n\t<div class=\"rt-holder tpg-post-holder \">\n\t\t<div class=\"rt-detail rt-el-content-wrapper\">\n\t\t\t\t\t\t\t<div class=\"rt-img-holder tpg-el-image-wrap has-thumbnail\">\n\t\t\t\t\t<a data-id=\"41\" href=\"https:\/\/www.vinsavenezuela.net\/__2023\/2024\/11\/07\/oficiales-de-seguridad\/\" class=\"tpg-post-link\" target=\"_self\">                        <img decoding=\"async\" src=\"https:\/\/www.vinsavenezuela.net\/__2023\/wp-content\/uploads\/2023\/11\/nx1-768x509.jpg\"\n                             class=\"rt-img-responsive\"\n                             width=\"768\"\n                             height=\"509\"\n                             alt=\"Seguridad F\u00edsica\">\n                        \n                            \n        <\/a>\n                <div class=\"overlay grid-hover-content\"><\/div>\n        \t\t\t\t<\/div>\n\t\t\t\n\t\t\t<div class=\"grid-hover-content\">\n\t\t\t\t<div class=\"entry-title-wrapper\"><h3 class=\"entry-title\"><a data-id=\"41\" href=\"https:\/\/www.vinsavenezuela.net\/__2023\/2024\/11\/07\/oficiales-de-seguridad\/\" class=\"tpg-post-link\" target=\"_self\">Seguridad F\u00edsica<\/a><\/h3><\/div>\n\t\t\t\t\n\t\t\t\t\t\t\t\t\t<div class=\"tpg-excerpt tpg-el-excerpt\">\n\t\t\t\t\t\t\t\t\t\t\t\t\t<div class=\"tpg-excerpt-inner\">\n\t\t\t\t\t\t\t\tControl de acceso, custodia de bienes e instalaciones, servicios de monitoreo 24\/7, respuesta...\t\t\t\t\t\t\t<\/div>\n\t\t\t\t\t\t\t\t\t\t\t\t\t\t\t\t\t<\/div>\n\t\t\t\t\n\t\t\t\t        <div class=\"post-footer\">\n            <div class=\"post-footer\">\n                <div class=\"read-more\">\n                    <a data-id=\"41\" href=\"https:\/\/www.vinsavenezuela.net\/__2023\/2024\/11\/07\/oficiales-de-seguridad\/\" class=\"tpg-post-link\" target=\"_self\">Leer m\u00e1s<\/a>                <\/div>\n            <\/div>\n        <\/div>\n        \t\t\t<\/div>\n\t\t<\/div>\n\t<\/div>\n<\/div>\n\n<div class=\"rt-col-md-4 rt-col-sm-6 rt-col-xs-12 default rt-grid-hover-item rt-grid-item\" data-id=\"52\">\n\t<div class=\"rt-holder tpg-post-holder \">\n\t\t<div class=\"rt-detail rt-el-content-wrapper\">\n\t\t\t\t\t\t\t<div class=\"rt-img-holder tpg-el-image-wrap has-thumbnail\">\n\t\t\t\t\t<a data-id=\"52\" href=\"https:\/\/www.vinsavenezuela.net\/__2023\/2024\/11\/07\/oficiales-de-seguridad-2\/\" class=\"tpg-post-link\" target=\"_self\">                        <img decoding=\"async\" src=\"https:\/\/www.vinsavenezuela.net\/__2023\/wp-content\/uploads\/2023\/11\/n3-768x509.jpg\"\n                             class=\"rt-img-responsive\"\n                             width=\"768\"\n                             height=\"509\"\n                             alt=\"Protecci\u00f3n de Personalidades\">\n                        \n                            \n        <\/a>\n                <div class=\"overlay grid-hover-content\"><\/div>\n        \t\t\t\t<\/div>\n\t\t\t\n\t\t\t<div class=\"grid-hover-content\">\n\t\t\t\t<div class=\"entry-title-wrapper\"><h3 class=\"entry-title\"><a data-id=\"52\" href=\"https:\/\/www.vinsavenezuela.net\/__2023\/2024\/11\/07\/oficiales-de-seguridad-2\/\" class=\"tpg-post-link\" target=\"_self\">Protecci\u00f3n de Personalidades<\/a><\/h3><\/div>\n\t\t\t\t\n\t\t\t\t\t\t\t\t\t<div class=\"tpg-excerpt tpg-el-excerpt\">\n\t\t\t\t\t\t\t\t\t\t\t\t\t<div class=\"tpg-excerpt-inner\">\n\t\t\t\t\t\t\t\tPersonal capacitado para manejo preventivo y defensivo, servicio de acompa\u00f1amiento por escoltas...\t\t\t\t\t\t\t<\/div>\n\t\t\t\t\t\t\t\t\t\t\t\t\t\t\t\t\t<\/div>\n\t\t\t\t\n\t\t\t\t        <div class=\"post-footer\">\n            <div class=\"post-footer\">\n                <div class=\"read-more\">\n                    <a data-id=\"52\" href=\"https:\/\/www.vinsavenezuela.net\/__2023\/2024\/11\/07\/oficiales-de-seguridad-2\/\" class=\"tpg-post-link\" target=\"_self\">Leer m\u00e1s<\/a>                <\/div>\n            <\/div>\n        <\/div>\n        \t\t\t<\/div>\n\t\t<\/div>\n\t<\/div>\n<\/div>\n\n<div class=\"rt-col-md-4 rt-col-sm-6 rt-col-xs-12 default rt-grid-hover-item rt-grid-item\" data-id=\"55\">\n\t<div class=\"rt-holder tpg-post-holder \">\n\t\t<div class=\"rt-detail rt-el-content-wrapper\">\n\t\t\t\t\t\t\t<div class=\"rt-img-holder tpg-el-image-wrap has-thumbnail\">\n\t\t\t\t\t<a data-id=\"55\" href=\"https:\/\/www.vinsavenezuela.net\/__2023\/2024\/11\/07\/agentes-de-proteccion-de-personalidades\/\" class=\"tpg-post-link\" target=\"_self\">                        <img loading=\"lazy\" decoding=\"async\" src=\"https:\/\/www.vinsavenezuela.net\/__2023\/wp-content\/uploads\/2023\/11\/n8-768x509.jpg\"\n                             class=\"rt-img-responsive\"\n                             width=\"768\"\n                             height=\"509\"\n                             alt=\"Custodia de Flotas\">\n                        \n                            \n        <\/a>\n                <div class=\"overlay grid-hover-content\"><\/div>\n        \t\t\t\t<\/div>\n\t\t\t\n\t\t\t<div class=\"grid-hover-content\">\n\t\t\t\t<div class=\"entry-title-wrapper\"><h3 class=\"entry-title\"><a data-id=\"55\" href=\"https:\/\/www.vinsavenezuela.net\/__2023\/2024\/11\/07\/agentes-de-proteccion-de-personalidades\/\" class=\"tpg-post-link\" target=\"_self\">Custodia de Flotas<\/a><\/h3><\/div>\n\t\t\t\t\n\t\t\t\t\t\t\t\t\t<div class=\"tpg-excerpt tpg-el-excerpt\">\n\t\t\t\t\t\t\t\t\t\t\t\t\t<div class=\"tpg-excerpt-inner\">\n\t\t\t\t\t\t\t\tProveemos seguimiento digital en tiempo real, acompa\u00f1amiento en rutas con veh\u00edculos y personal...\t\t\t\t\t\t\t<\/div>\n\t\t\t\t\t\t\t\t\t\t\t\t\t\t\t\t\t<\/div>\n\t\t\t\t\n\t\t\t\t        <div class=\"post-footer\">\n            <div class=\"post-footer\">\n                <div class=\"read-more\">\n                    <a data-id=\"55\" href=\"https:\/\/www.vinsavenezuela.net\/__2023\/2024\/11\/07\/agentes-de-proteccion-de-personalidades\/\" class=\"tpg-post-link\" target=\"_self\">Leer m\u00e1s<\/a>                <\/div>\n            <\/div>\n        <\/div>\n        \t\t\t<\/div>\n\t\t<\/div>\n\t<\/div>\n<\/div>\n            <\/div>\n\n\t\t\t        <\/div>\n\t\t\t\t\t\t<\/div>\n\t\t\t\t<\/div>\n\t\t\t\t<div class=\"elementor-element elementor-element-ba27729 elementor-widget elementor-widget-spacer\" data-id=\"ba27729\" data-element_type=\"widget\" data-e-type=\"widget\" data-widget_type=\"spacer.default\">\n\t\t\t\t<div class=\"elementor-widget-container\">\n\t\t\t\t\t\t\t<div class=\"elementor-spacer\">\n\t\t\t<div class=\"elementor-spacer-inner\"><\/div>\n\t\t<\/div>\n\t\t\t\t\t\t<\/div>\n\t\t\t\t<\/div>\n\t\t\t\t\t<\/div>\n\t\t\t\t<\/div>\n\t\t<div class=\"elementor-element elementor-element-8aa1ecf e-con-full e-flex elementor-invisible e-con e-parent\" data-id=\"8aa1ecf\" data-element_type=\"container\" data-e-type=\"container\" data-settings=\"{&quot;background_background&quot;:&quot;slideshow&quot;,&quot;background_slideshow_gallery&quot;:[{&quot;id&quot;:210,&quot;url&quot;:&quot;https:\\\/\\\/www.vinsavenezuela.net\\\/__2023\\\/wp-content\\\/uploads\\\/2023\\\/11\\\/brooke-cagle6.jpg&quot;}],&quot;animation&quot;:&quot;fadeInRight&quot;,&quot;background_slideshow_loop&quot;:&quot;yes&quot;,&quot;background_slideshow_slide_duration&quot;:5000,&quot;background_slideshow_slide_transition&quot;:&quot;fade&quot;,&quot;background_slideshow_transition_duration&quot;:500}\">\n\t\t\t\t<div class=\"elementor-element elementor-element-f617f18 elementor-widget elementor-widget-spacer\" data-id=\"f617f18\" data-element_type=\"widget\" data-e-type=\"widget\" data-widget_type=\"spacer.default\">\n\t\t\t\t<div class=\"elementor-widget-container\">\n\t\t\t\t\t\t\t<div class=\"elementor-spacer\">\n\t\t\t<div class=\"elementor-spacer-inner\"><\/div>\n\t\t<\/div>\n\t\t\t\t\t\t<\/div>\n\t\t\t\t<\/div>\n\t\t\t\t<div class=\"elementor-element elementor-element-03e1b2b elementor-widget elementor-widget-spacer\" data-id=\"03e1b2b\" data-element_type=\"widget\" data-e-type=\"widget\" data-widget_type=\"spacer.default\">\n\t\t\t\t<div class=\"elementor-widget-container\">\n\t\t\t\t\t\t\t<div class=\"elementor-spacer\">\n\t\t\t<div class=\"elementor-spacer-inner\"><\/div>\n\t\t<\/div>\n\t\t\t\t\t\t<\/div>\n\t\t\t\t<\/div>\n\t\t\t\t<div class=\"elementor-element elementor-element-0031b8b elementor-widget-divider--view-line_text elementor-widget-divider--element-align-center elementor-widget elementor-widget-divider\" data-id=\"0031b8b\" data-element_type=\"widget\" data-e-type=\"widget\" data-widget_type=\"divider.default\">\n\t\t\t\t<div class=\"elementor-widget-container\">\n\t\t\t\t\t\t\t<div class=\"elementor-divider\">\n\t\t\t<span class=\"elementor-divider-separator\">\n\t\t\t\t\t\t\t<span class=\"elementor-divider__text elementor-divider__element\">\n\t\t\t\tLe interesan nuestros servicios\t\t\t\t<\/span>\n\t\t\t\t\t\t<\/span>\n\t\t<\/div>\n\t\t\t\t\t\t<\/div>\n\t\t\t\t<\/div>\n\t\t\t\t<\/div>\n\t\t<div class=\"elementor-element elementor-element-be960b2 animated-slow e-flex e-con-boxed elementor-invisible e-con e-parent\" data-id=\"be960b2\" data-element_type=\"container\" data-e-type=\"container\" data-settings=\"{&quot;animation&quot;:&quot;fadeInUp&quot;}\">\n\t\t\t\t\t<div class=\"e-con-inner\">\n\t\t<div class=\"elementor-element elementor-element-990c7fa e-con-full e-flex e-con e-child\" data-id=\"990c7fa\" data-element_type=\"container\" data-e-type=\"container\">\n\t\t\t\t<div class=\"elementor-element elementor-element-68e1e2e elementor-widget elementor-widget-image\" data-id=\"68e1e2e\" data-element_type=\"widget\" data-e-type=\"widget\" data-widget_type=\"image.default\">\n\t\t\t\t<div class=\"elementor-widget-container\">\n\t\t\t\t\t\t\t\t\t\t\t\t\t\t\t<img loading=\"lazy\" decoding=\"async\" width=\"626\" height=\"417\" src=\"https:\/\/www.vinsavenezuela.net\/__2023\/wp-content\/uploads\/2023\/11\/equipo-negocios-alegre-viendo-presentacion-computadora-portatil-sentado-lugar-trabajo-mirando-pantalla-sonriendo-copie-espacio-concepto-reunion-negocios_74855-11583.jpg\" class=\"attachment-large size-large wp-image-196\" alt=\"\" srcset=\"https:\/\/www.vinsavenezuela.net\/__2023\/wp-content\/uploads\/2023\/11\/equipo-negocios-alegre-viendo-presentacion-computadora-portatil-sentado-lugar-trabajo-mirando-pantalla-sonriendo-copie-espacio-concepto-reunion-negocios_74855-11583.jpg 626w, https:\/\/www.vinsavenezuela.net\/__2023\/wp-content\/uploads\/2023\/11\/equipo-negocios-alegre-viendo-presentacion-computadora-portatil-sentado-lugar-trabajo-mirando-pantalla-sonriendo-copie-espacio-concepto-reunion-negocios_74855-11583-300x200.jpg 300w, https:\/\/www.vinsavenezuela.net\/__2023\/wp-content\/uploads\/2023\/11\/equipo-negocios-alegre-viendo-presentacion-computadora-portatil-sentado-lugar-trabajo-mirando-pantalla-sonriendo-copie-espacio-concepto-reunion-negocios_74855-11583-230x153.jpg 230w, https:\/\/www.vinsavenezuela.net\/__2023\/wp-content\/uploads\/2023\/11\/equipo-negocios-alegre-viendo-presentacion-computadora-portatil-sentado-lugar-trabajo-mirando-pantalla-sonriendo-copie-espacio-concepto-reunion-negocios_74855-11583-350x233.jpg 350w, https:\/\/www.vinsavenezuela.net\/__2023\/wp-content\/uploads\/2023\/11\/equipo-negocios-alegre-viendo-presentacion-computadora-portatil-sentado-lugar-trabajo-mirando-pantalla-sonriendo-copie-espacio-concepto-reunion-negocios_74855-11583-480x320.jpg 480w\" sizes=\"(max-width: 626px) 100vw, 626px\" \/>\t\t\t\t\t\t\t\t\t\t\t\t\t\t\t<\/div>\n\t\t\t\t<\/div>\n\t\t\t\t<\/div>\n\t\t<div class=\"elementor-element elementor-element-862a2b4 e-con-full e-flex e-con e-child\" data-id=\"862a2b4\" data-element_type=\"container\" data-e-type=\"container\">\n\t\t\t\t<div class=\"elementor-element elementor-element-35d0fff elementor-widget elementor-widget-heading\" data-id=\"35d0fff\" data-element_type=\"widget\" data-e-type=\"widget\" data-widget_type=\"heading.default\">\n\t\t\t\t<div class=\"elementor-widget-container\">\n\t\t\t\t\t<h2 class=\"elementor-heading-title elementor-size-default\">Solicitud de Informaci\u00f3n<\/h2>\t\t\t\t<\/div>\n\t\t\t\t<\/div>\n\t\t\t\t<div class=\"elementor-element elementor-element-2ce08d4 elementor-widget elementor-widget-wpforms\" data-id=\"2ce08d4\" data-element_type=\"widget\" data-e-type=\"widget\" data-widget_type=\"wpforms.default\">\n\t\t\t\t<div class=\"elementor-widget-container\">\n\t\t\t\t\t<div class=\"wpforms-container wpforms-container-full wpforms-render-modern\" id=\"wpforms-378\"><form id=\"wpforms-form-378\" class=\"wpforms-validate wpforms-form wpforms-ajax-form\" data-formid=\"378\" method=\"post\" enctype=\"multipart\/form-data\" action=\"\/__2023\/wp-json\/wp\/v2\/pages\/183\" data-token=\"8d8d1042d31dce60a2d4968a77fbb8f6\" data-token-time=\"1777471598\"><noscript class=\"wpforms-error-noscript\">Por favor, activa JavaScript en tu navegador para completar este formulario.<\/noscript><div id=\"wpforms-error-noscript\" style=\"display: none;\">Por favor, activa JavaScript en tu navegador para completar este formulario.<\/div><div class=\"wpforms-field-container\"><div id=\"wpforms-378-field_1-container\" class=\"wpforms-field wpforms-field-text\" data-field-id=\"1\"><label class=\"wpforms-field-label\" for=\"wpforms-378-field_1\">Raz\u00f3n Social <span class=\"wpforms-required-label\" aria-hidden=\"true\">*<\/span><\/label><input type=\"text\" id=\"wpforms-378-field_1\" class=\"wpforms-field-medium wpforms-field-required wpforms-limit-characters-enabled\" data-form-id=\"378\" data-field-id=\"1\" data-text-limit=\"80\" name=\"wpforms[fields][1]\" aria-errormessage=\"wpforms-378-field_1-error\" maxlength=\"80\" required><\/div><div id=\"wpforms-378-field_2-container\" class=\"wpforms-field wpforms-field-text\" data-field-id=\"2\"><label class=\"wpforms-field-label\" for=\"wpforms-378-field_2\">RIF <span class=\"wpforms-required-label\" aria-hidden=\"true\">*<\/span><\/label><input type=\"text\" id=\"wpforms-378-field_2\" class=\"wpforms-field-medium wpforms-field-required wpforms-limit-characters-enabled\" data-form-id=\"378\" data-field-id=\"2\" data-text-limit=\"30\" name=\"wpforms[fields][2]\" value=\"J-\" aria-errormessage=\"wpforms-378-field_2-error\" maxlength=\"30\" required><\/div><div id=\"wpforms-378-field_3-container\" class=\"wpforms-field wpforms-field-email\" data-field-id=\"3\"><label class=\"wpforms-field-label\" for=\"wpforms-378-field_3\">Correo electr\u00f3nico <span class=\"wpforms-required-label\" aria-hidden=\"true\">*<\/span><\/label><input type=\"email\" id=\"wpforms-378-field_3\" class=\"wpforms-field-medium wpforms-field-required\" name=\"wpforms[fields][3]\" spellcheck=\"false\" aria-errormessage=\"wpforms-378-field_3-error\" required><\/div><div id=\"wpforms-378-field_6-container\" class=\"wpforms-field wpforms-field-textarea\" data-field-id=\"6\"><label class=\"wpforms-field-label\" for=\"wpforms-378-field_6\">Breve descripci\u00f3n de la solicitud <span class=\"wpforms-required-label\" aria-hidden=\"true\">*<\/span><\/label><textarea id=\"wpforms-378-field_6\" class=\"wpforms-field-medium wpforms-field-required\" name=\"wpforms[fields][6]\" aria-errormessage=\"wpforms-378-field_6-error\" required><\/textarea><\/div><div id=\"wpforms-378-field_7-container\" class=\"wpforms-field wpforms-field-text\" data-field-id=\"7\"><label class=\"wpforms-field-label\" for=\"wpforms-378-field_7\">Ubicaci\u00f3n <span class=\"wpforms-required-label\" aria-hidden=\"true\">*<\/span><\/label><input type=\"text\" id=\"wpforms-378-field_7\" class=\"wpforms-field-large wpforms-field-required\" name=\"wpforms[fields][7]\" aria-errormessage=\"wpforms-378-field_7-error\" required><\/div><div id=\"wpforms-378-field_8-container\" class=\"wpforms-field wpforms-field-text\" data-field-id=\"8\"><label class=\"wpforms-field-label\" for=\"wpforms-378-field_8\">Nombre del Solicitante: <span class=\"wpforms-required-label\" aria-hidden=\"true\">*<\/span><\/label><input type=\"text\" id=\"wpforms-378-field_8\" class=\"wpforms-field-medium wpforms-field-required\" name=\"wpforms[fields][8]\" aria-errormessage=\"wpforms-378-field_8-error\" required><\/div><div id=\"wpforms-378-field_9-container\" class=\"wpforms-field wpforms-field-text\" data-field-id=\"9\"><label class=\"wpforms-field-label\" for=\"wpforms-378-field_9\">Cargo <span class=\"wpforms-required-label\" aria-hidden=\"true\">*<\/span><\/label><input type=\"text\" id=\"wpforms-378-field_9\" class=\"wpforms-field-medium wpforms-field-required\" name=\"wpforms[fields][9]\" aria-errormessage=\"wpforms-378-field_9-error\" required><\/div><div id=\"wpforms-378-field_5-container\" class=\"wpforms-field wpforms-field-text\" data-field-id=\"5\"><label class=\"wpforms-field-label\" for=\"wpforms-378-field_5\">N\u00fameros de contacto: <span class=\"wpforms-required-label\" aria-hidden=\"true\">*<\/span><\/label><input type=\"text\" id=\"wpforms-378-field_5\" class=\"wpforms-field-medium wpforms-field-required\" name=\"wpforms[fields][5]\" aria-errormessage=\"wpforms-378-field_5-error\" required><\/div><\/div><!-- .wpforms-field-container --><div class=\"wpforms-submit-container\" ><input type=\"hidden\" name=\"wpforms[id]\" value=\"378\"><input type=\"hidden\" name=\"page_title\" value=\"\"><input type=\"hidden\" name=\"page_url\" value=\"https:\/\/www.vinsavenezuela.net\/__2023\/wp-json\/wp\/v2\/pages\/183\"><input type=\"hidden\" name=\"url_referer\" value=\"\"><button type=\"submit\" name=\"wpforms[submit]\" id=\"wpforms-submit-378\" class=\"wpforms-submit\" data-alt-text=\"Enviando...\" data-submit-text=\"Enviar\" aria-live=\"assertive\" value=\"wpforms-submit\">Enviar<\/button><img loading=\"lazy\" decoding=\"async\" src=\"https:\/\/www.vinsavenezuela.net\/__2023\/wp-content\/plugins\/wpforms-lite\/assets\/images\/submit-spin.svg\" class=\"wpforms-submit-spinner\" style=\"display: none;\" width=\"26\" height=\"26\" alt=\"Cargando\"><\/div><\/form><\/div>  <!-- .wpforms-container -->\t\t\t\t<\/div>\n\t\t\t\t<\/div>\n\t\t\t\t<\/div>\n\t\t\t\t\t<\/div>\n\t\t\t\t<\/div>\n\t\t<div class=\"elementor-element elementor-element-0854082 e-flex e-con-boxed e-con e-parent\" data-id=\"0854082\" data-element_type=\"container\" data-e-type=\"container\">\n\t\t\t\t\t<div class=\"e-con-inner\">\n\t\t\t\t\t<\/div>\n\t\t\t\t<\/div>\n\t\t\t\t<\/div>\n\t\t","protected":false},"excerpt":{"rendered":"<p>VINSA Grupo Amarante VINSA Grupo Amarante es una empresa l\u00edder en seguridad integral que ofrece una amplia gama de servicios para proteger [&hellip;]<\/p>\n","protected":false},"author":1,"featured_media":0,"parent":0,"menu_order":0,"comment_status":"closed","ping_status":"closed","template":"elementor_header_footer","meta":{"_acf_changed":false,"footnotes":""},"class_list":["post-183","page","type-page","status-publish","hentry"],"acf":[],"rttpg_featured_image_url":null,"rttpg_author":{"display_name":"adminvinsa","author_link":"https:\/\/www.vinsavenezuela.net\/__2023\/author\/adminvinsa\/"},"rttpg_comment":0,"rttpg_category":"","rttpg_excerpt":"VINSA Grupo Amarante VINSA Grupo Amarante es una empresa l\u00edder en seguridad integral que ofrece una amplia gama de servicios para proteger [&hellip;]","_links":{"self":[{"href":"https:\/\/www.vinsavenezuela.net\/__2023\/wp-json\/wp\/v2\/pages\/183","targetHints":{"allow":["GET"]}}],"collection":[{"href":"https:\/\/www.vinsavenezuela.net\/__2023\/wp-json\/wp\/v2\/pages"}],"about":[{"href":"https:\/\/www.vinsavenezuela.net\/__2023\/wp-json\/wp\/v2\/types\/page"}],"author":[{"embeddable":true,"href":"https:\/\/www.vinsavenezuela.net\/__2023\/wp-json\/wp\/v2\/users\/1"}],"replies":[{"embeddable":true,"href":"https:\/\/www.vinsavenezuela.net\/__2023\/wp-json\/wp\/v2\/comments?post=183"}],"version-history":[{"count":29,"href":"https:\/\/www.vinsavenezuela.net\/__2023\/wp-json\/wp\/v2\/pages\/183\/revisions"}],"predecessor-version":[{"id":683,"href":"https:\/\/www.vinsavenezuela.net\/__2023\/wp-json\/wp\/v2\/pages\/183\/revisions\/683"}],"wp:attachment":[{"href":"https:\/\/www.vinsavenezuela.net\/__2023\/wp-json\/wp\/v2\/media?parent=183"}],"curies":[{"name":"wp","href":"https:\/\/api.w.org\/{rel}","templated":true}]}}